{"id":9,"date":"2025-01-23T08:29:48","date_gmt":"2025-01-23T08:29:48","guid":{"rendered":"https:\/\/ayudasdana.numa-extremadura.es\/?page_id=9"},"modified":"2025-02-05T09:57:45","modified_gmt":"2025-02-05T09:57:45","slug":"inicio","status":"publish","type":"page","link":"https:\/\/ayudasdana.numa-extremadura.es\/","title":{"rendered":"Inicio"},"content":{"rendered":"\t\t<div data-elementor-type=\"wp-page\" data-elementor-id=\"9\" class=\"elementor elementor-9\">\n\t\t\t\t<div class=\"elementor-element elementor-element-44fc2e4 e-flex e-con-boxed e-con e-parent\" data-id=\"44fc2e4\" data-element_type=\"container\" data-settings=\"{&quot;background_background&quot;:&quot;classic&quot;}\">\n\t\t\t\t\t<div class=\"e-con-inner\">\n\t\t\t\t<div class=\"elementor-element elementor-element-f9e33d8 elementor-widget elementor-widget-image\" data-id=\"f9e33d8\" data-element_type=\"widget\" data-widget_type=\"image.default\">\n\t\t\t\t<div class=\"elementor-widget-container\">\n\t\t\t\t\t\t\t\t\t\t\t\t\t\t\t<img fetchpriority=\"high\" decoding=\"async\" width=\"367\" height=\"367\" src=\"https:\/\/ayudasdana.numa-extremadura.es\/wp-content\/uploads\/2025\/01\/marca-NUMA-Extremadura-blanca.png\" class=\"attachment-large size-large wp-image-15\" alt=\"\" srcset=\"https:\/\/ayudasdana.numa-extremadura.es\/wp-content\/uploads\/2025\/01\/marca-NUMA-Extremadura-blanca.png 367w, https:\/\/ayudasdana.numa-extremadura.es\/wp-content\/uploads\/2025\/01\/marca-NUMA-Extremadura-blanca-300x300.png 300w, https:\/\/ayudasdana.numa-extremadura.es\/wp-content\/uploads\/2025\/01\/marca-NUMA-Extremadura-blanca-150x150.png 150w\" sizes=\"(max-width: 367px) 100vw, 367px\" \/>\t\t\t\t\t\t\t\t\t\t\t\t\t\t\t<\/div>\n\t\t\t\t<\/div>\n\t\t\t\t\t<\/div>\n\t\t\t\t<\/div>\n\t\t<div class=\"elementor-element elementor-element-f4e5fcc e-flex e-con-boxed e-con e-parent\" data-id=\"f4e5fcc\" data-element_type=\"container\" data-settings=\"{&quot;background_background&quot;:&quot;classic&quot;}\">\n\t\t\t\t\t<div class=\"e-con-inner\">\n\t\t\t\t<div class=\"elementor-element elementor-element-a59ff1c elementor-widget elementor-widget-heading\" data-id=\"a59ff1c\" data-element_type=\"widget\" data-widget_type=\"heading.default\">\n\t\t\t\t<div class=\"elementor-widget-container\">\n\t\t\t\t\t<h2 class=\"elementor-heading-title elementor-size-default\">\u00bfNECESITAS AYUDA PARA GESTIONAR TR\u00c1MITES ADUANEROS DERIVADOS DE DA\u00d1OS, O P\u00c9RDIDA, DE MERCANC\u00cdAS LIGADOS A LA DANA DE VALENCIA EN OCTUBRE DE 2024? <\/h2>\t\t\t\t<\/div>\n\t\t\t\t<\/div>\n\t\t\t\t\t<\/div>\n\t\t\t\t<\/div>\n\t\t<div class=\"elementor-element elementor-element-ff90072 e-con-full e-flex e-con e-parent\" data-id=\"ff90072\" data-element_type=\"container\">\n\t\t<div class=\"elementor-element elementor-element-73a547f e-con-full e-flex e-con e-child\" data-id=\"73a547f\" data-element_type=\"container\" data-settings=\"{&quot;background_background&quot;:&quot;classic&quot;}\">\n\t\t\t\t<\/div>\n\t\t<div class=\"elementor-element elementor-element-160e36e e-con-full e-flex e-con e-child\" data-id=\"160e36e\" data-element_type=\"container\" data-settings=\"{&quot;background_background&quot;:&quot;classic&quot;}\">\n\t\t\t\t<div class=\"elementor-element elementor-element-3ab0c44 elementor-widget elementor-widget-heading\" data-id=\"3ab0c44\" data-element_type=\"widget\" data-widget_type=\"heading.default\">\n\t\t\t\t<div class=\"elementor-widget-container\">\n\t\t\t\t\t<h2 class=\"elementor-heading-title elementor-size-default\">DESDE NUMA EXTREMADURA QUEREMOS AYUDARTE EN EL PROCESO <\/h2>\t\t\t\t<\/div>\n\t\t\t\t<\/div>\n\t\t\t\t<div class=\"elementor-element elementor-element-873afeb elementor-widget elementor-widget-text-editor\" data-id=\"873afeb\" data-element_type=\"widget\" data-widget_type=\"text-editor.default\">\n\t\t\t\t<div class=\"elementor-widget-container\">\n\t\t\t\t\t\t\t\t\t<p><span data-contrast=\"auto\">Ofrecemos informaci\u00f3n, de manera altruista, con el \u00fanico objetivo de orientar, a peque\u00f1as y medianas empresas damnificadas, a trav\u00e9s de la <\/span><b><span data-contrast=\"auto\">GU\u00cdA PARA IMPORTADORES Y EXPORTADORES<\/span><\/b><span data-contrast=\"auto\"> que ponemos a vuestra disposici\u00f3n.<\/span><span data-ccp-props=\"{}\">\u00a0<\/span><\/p><p><span data-contrast=\"auto\">Si precis\u00e1is de un asesoramiento personalizado pod\u00e9is contactar con NUMA EXTREMADURA cumplimentando el siguiente formulario. En su caso, tambi\u00e9n podr\u00edais acceder a la PLATAFORMA NUMA, que es nuestra soluci\u00f3n para la obtenci\u00f3n de la acreditaci\u00f3n OEA (Operador Econ\u00f3mico Autorizado), un sistema que garantiza una trazabilidad documental completa de las operaciones de importaci\u00f3n y exportaci\u00f3n.<\/span><span data-ccp-props=\"{}\">\u00a0<\/span><\/p><p><span data-contrast=\"auto\">Por solo 50\u20ac\/a\u00f1o se obtiene el acceso de archivo en la nube con la recopilaci\u00f3n de toda la documentaci\u00f3n ordenada y organizada, con la posibilidad de un registro en Excel para an\u00e1lisis econ\u00f3mico de gastos e impuestos, con una trazabilidad documental por operaci\u00f3n.\u00a0<\/span><span data-ccp-props=\"{}\">\u00a0<\/span><\/p><p><span data-contrast=\"auto\">Recuerda que estamos encantados de ayudar y que puedes consultarnos en el momento que prefieras a trav\u00e9s del siguiente <\/span><b><span data-contrast=\"auto\">formulario<\/span><\/b><span data-contrast=\"auto\">.<\/span><span data-ccp-props=\"{}\">\u00a0<\/span><\/p>\t\t\t\t\t\t\t\t<\/div>\n\t\t\t\t<\/div>\n\t\t\t\t<\/div>\n\t\t\t\t<\/div>\n\t\t<div class=\"elementor-element elementor-element-a483ff4 e-flex e-con-boxed e-con e-parent\" data-id=\"a483ff4\" data-element_type=\"container\">\n\t\t\t\t\t<div class=\"e-con-inner\">\n\t\t\t\t<div class=\"elementor-element elementor-element-454e239 elementor-widget elementor-widget-heading\" data-id=\"454e239\" data-element_type=\"widget\" data-widget_type=\"heading.default\">\n\t\t\t\t<div class=\"elementor-widget-container\">\n\t\t\t\t\t<h2 class=\"elementor-heading-title elementor-size-default\">FORMULARIO DE SOLICITUD <\/h2>\t\t\t\t<\/div>\n\t\t\t\t<\/div>\n\t\t\t\t<div class=\"elementor-element elementor-element-f8c6175 elementor-widget elementor-widget-text-editor\" data-id=\"f8c6175\" data-element_type=\"widget\" data-widget_type=\"text-editor.default\">\n\t\t\t\t<div class=\"elementor-widget-container\">\n\t\t\t\t\t\t\t\t\t<p><span data-contrast=\"auto\">Por favor, rellena estos datos para que podamos facilitarle el acceso a la GU\u00cdA que hemos elaborado; igualmente, si necesitas ayuda personalizada, estaremos encantados de ayudarte, s\u00f3lo tienes que indicarlo.<\/span><span data-ccp-props=\"{}\">\u00a0<\/span><\/p>\t\t\t\t\t\t\t\t<\/div>\n\t\t\t\t<\/div>\n\t\t\t\t<div class=\"elementor-element elementor-element-81ae718 elementor-widget elementor-widget-shortcode\" data-id=\"81ae718\" data-element_type=\"widget\" data-widget_type=\"shortcode.default\">\n\t\t\t\t<div class=\"elementor-widget-container\">\n\t\t\t\t\t\t\t<div class=\"elementor-shortcode\">\n<div class=\"wpcf7 no-js\" id=\"wpcf7-f27-o1\" lang=\"es-ES\" dir=\"ltr\" data-wpcf7-id=\"27\">\n<div class=\"screen-reader-response\"><p role=\"status\" aria-live=\"polite\" aria-atomic=\"true\"><\/p> <ul><\/ul><\/div>\n<form action=\"\/index.php?rest_route=%2Fwp%2Fv2%2Fpages%2F9#wpcf7-f27-o1\" method=\"post\" class=\"wpcf7-form init\" aria-label=\"Formulario de contacto\" novalidate=\"novalidate\" data-status=\"init\">\n<div style=\"display: none;\">\n<input type=\"hidden\" name=\"_wpcf7\" value=\"27\" \/>\n<input type=\"hidden\" name=\"_wpcf7_version\" value=\"6.0.3\" \/>\n<input type=\"hidden\" name=\"_wpcf7_locale\" value=\"es_ES\" \/>\n<input type=\"hidden\" name=\"_wpcf7_unit_tag\" value=\"wpcf7-f27-o1\" \/>\n<input type=\"hidden\" name=\"_wpcf7_container_post\" value=\"0\" \/>\n<input type=\"hidden\" name=\"_wpcf7_posted_data_hash\" value=\"\" \/>\n<input type=\"hidden\" name=\"_wpcf7_recaptcha_response\" value=\"\" \/>\n<\/div>\n<div class=\"campo\">\n\t<p>Empresa \/ Raz\u00f3n Social <span class=\"obligatorio\">*<\/span><br \/>\n<span class=\"wpcf7-form-control-wrap\" data-name=\"empresa\"><input size=\"40\" maxlength=\"400\" class=\"wpcf7-form-control wpcf7-text wpcf7-validates-as-required\" aria-required=\"true\" aria-invalid=\"false\" value=\"\" type=\"text\" name=\"empresa\" \/><\/span>\n\t<\/p>\n<\/div>\n<div class=\"campo\">\n\t<p>Nombre <span class=\"obligatorio\">*<\/span><br \/>\n<span class=\"wpcf7-form-control-wrap\" data-name=\"your-name\"><input size=\"40\" maxlength=\"400\" class=\"wpcf7-form-control wpcf7-text wpcf7-validates-as-required\" aria-required=\"true\" aria-invalid=\"false\" value=\"\" type=\"text\" name=\"your-name\" \/><\/span>\n\t<\/p>\n<\/div>\n<div class=\"campo\">\n\t<p>Apellidos <span class=\"obligatorio\">*<\/span><br \/>\n<span class=\"wpcf7-form-control-wrap\" data-name=\"apellidos\"><input size=\"40\" maxlength=\"400\" class=\"wpcf7-form-control wpcf7-text wpcf7-validates-as-required\" aria-required=\"true\" aria-invalid=\"false\" value=\"\" type=\"text\" name=\"apellidos\" \/><\/span>\n\t<\/p>\n<\/div>\n<div class=\"campo\">\n\t<p>CIF <span class=\"obligatorio\">*<\/span><br \/>\n<span class=\"wpcf7-form-control-wrap\" data-name=\"cif\"><input size=\"40\" maxlength=\"400\" class=\"wpcf7-form-control wpcf7-text wpcf7-validates-as-required\" aria-required=\"true\" aria-invalid=\"false\" value=\"\" type=\"text\" name=\"cif\" \/><\/span>\n\t<\/p>\n<\/div>\n<div class=\"campo\">\n\t<p>Direcci\u00f3n <span class=\"obligatorio\">*<\/span><br \/>\n<span class=\"wpcf7-form-control-wrap\" data-name=\"direccion\"><input size=\"40\" maxlength=\"400\" class=\"wpcf7-form-control wpcf7-text wpcf7-validates-as-required\" aria-required=\"true\" aria-invalid=\"false\" value=\"\" type=\"text\" name=\"direccion\" \/><\/span>\n\t<\/p>\n<\/div>\n<div class=\"campo\">\n\t<p>C\u00f3digo Postal <span class=\"obligatorio\">*<\/span><br \/>\n<span class=\"wpcf7-form-control-wrap\" data-name=\"cp\"><input class=\"wpcf7-form-control wpcf7-number wpcf7-validates-as-required wpcf7-validates-as-number\" aria-required=\"true\" aria-invalid=\"false\" value=\"\" type=\"number\" name=\"cp\" \/><\/span>\n\t<\/p>\n<\/div>\n<div class=\"campo\">\n\t<p>Localidad <span class=\"obligatorio\">*<\/span><br \/>\n<span class=\"wpcf7-form-control-wrap\" data-name=\"localidad\"><input size=\"40\" maxlength=\"400\" class=\"wpcf7-form-control wpcf7-text wpcf7-validates-as-required\" aria-required=\"true\" aria-invalid=\"false\" value=\"\" type=\"text\" name=\"localidad\" \/><\/span>\n\t<\/p>\n<\/div>\n<div class=\"campo\">\n\t<p>Provincia <span class=\"obligatorio\">*<\/span><br \/>\n<span class=\"wpcf7-form-control-wrap\" data-name=\"provincia\"><input size=\"40\" maxlength=\"400\" class=\"wpcf7-form-control wpcf7-text wpcf7-validates-as-required\" aria-required=\"true\" aria-invalid=\"false\" value=\"\" type=\"text\" name=\"provincia\" \/><\/span>\n\t<\/p>\n<\/div>\n<div class=\"campo\">\n\t<p>Correo Electr\u00f3nico <span class=\"obligatorio\">*<\/span><br \/>\n<span class=\"wpcf7-form-control-wrap\" data-name=\"your-email\"><input size=\"40\" maxlength=\"400\" class=\"wpcf7-form-control wpcf7-email wpcf7-validates-as-required wpcf7-text wpcf7-validates-as-email\" autocomplete=\"email\" aria-required=\"true\" aria-invalid=\"false\" value=\"\" type=\"email\" name=\"your-email\" \/><\/span>\n\t<\/p>\n<\/div>\n<div class=\"campo\">\n\t<p>Tel\u00e9fono <span class=\"obligatorio\">*<\/span><br \/>\n<span class=\"wpcf7-form-control-wrap\" data-name=\"telefono\"><input class=\"wpcf7-form-control wpcf7-number wpcf7-validates-as-required wpcf7-validates-as-number\" aria-required=\"true\" aria-invalid=\"false\" value=\"\" type=\"number\" name=\"telefono\" \/><\/span>\n\t<\/p>\n<\/div>\n<div class=\"campo\">\n\t<p>Representante Aduanero <span class=\"obligatorio\">*<\/span><br \/>\n<span class=\"wpcf7-form-control-wrap\" data-name=\"representante-aduanero\"><select class=\"wpcf7-form-control wpcf7-select wpcf7-validates-as-required\" aria-required=\"true\" aria-invalid=\"false\" name=\"representante-aduanero\"><option value=\"Directa\">Directa<\/option><option value=\"Indirecta\">Indirecta<\/option><\/select><\/span>\n\t<\/p>\n<\/div>\n<div class=\"campo\">\n\t<p>Incotems <span class=\"obligatorio\">*<\/span><br \/>\n<span class=\"wpcf7-form-control-wrap\" data-name=\"incoterms\"><input size=\"40\" maxlength=\"400\" class=\"wpcf7-form-control wpcf7-text wpcf7-validates-as-required\" aria-required=\"true\" aria-invalid=\"false\" value=\"\" type=\"text\" name=\"incoterms\" \/><\/span>\n\t<\/p>\n<\/div>\n<div class=\"campo\">\n\t<p>Operativa con Aduana <span class=\"obligatorio\">*<\/span><br \/>\n<span class=\"wpcf7-form-control-wrap\" data-name=\"operativa-aduana\"><select class=\"wpcf7-form-control wpcf7-select wpcf7-validates-as-required\" aria-required=\"true\" aria-invalid=\"false\" name=\"operativa-aduana\"><option value=\"Importaci\u00f3n\">Importaci\u00f3n<\/option><option value=\"Exportaci\u00f3n\">Exportaci\u00f3n<\/option><option value=\"Mercancia Vinculada a Deposito\">Mercancia Vinculada a Deposito<\/option><\/select><\/span>\n\t<\/p>\n<\/div>\n<div class=\"campo\">\n\t<p>\u00bfSabe Donde Est\u00e1 su Mercancia? <span class=\"obligatorio\">*<\/span><br \/>\n<span class=\"wpcf7-form-control-wrap\" data-name=\"mercancia\"><select class=\"wpcf7-form-control wpcf7-select wpcf7-validates-as-required\" aria-required=\"true\" aria-invalid=\"false\" name=\"mercancia\"><option value=\"Si\">Si<\/option><option value=\"No\">No<\/option><\/select><\/span>\n\t<\/p>\n<\/div>\n<div class=\"area-2\">\n\t<div class=\"campo\">\n\t\t<p>En caso de que la respuesta anterior haya sido positiva:\n\t\t<\/p>\n\t<\/div>\n\t<div class=\"campo\">\n\t\t<p>Localidad donde se encuentra<br \/>\n<span class=\"wpcf7-form-control-wrap\" data-name=\"localidad-mercancia\"><input size=\"40\" maxlength=\"400\" class=\"wpcf7-form-control wpcf7-text\" aria-invalid=\"false\" value=\"\" type=\"text\" name=\"localidad-mercancia\" \/><\/span>\n\t\t<\/p>\n\t<\/div>\n\t<div class=\"campo\">\n\t\t<p>Responsable de la mercancia<br \/>\n<span class=\"wpcf7-form-control-wrap\" data-name=\"responsable-mercancia\"><input size=\"40\" maxlength=\"400\" class=\"wpcf7-form-control wpcf7-text\" aria-invalid=\"false\" value=\"\" type=\"text\" name=\"responsable-mercancia\" \/><\/span>\n\t\t<\/p>\n\t<\/div>\n<\/div>\n<div class=\"campo\">\n\t<p>Base Imponible de la Factura <span class=\"obligatorio\">*<\/span><br \/>\n<span class=\"wpcf7-form-control-wrap\" data-name=\"base-imponible\"><input size=\"40\" maxlength=\"400\" class=\"wpcf7-form-control wpcf7-text wpcf7-validates-as-required\" aria-required=\"true\" aria-invalid=\"false\" value=\"\" type=\"text\" name=\"base-imponible\" \/><\/span>\n\t<\/p>\n<\/div>\n<div class=\"campo\">\n\t<p>Fecha de la Factura <span class=\"obligatorio\">*<\/span><br \/>\n<span class=\"wpcf7-form-control-wrap\" data-name=\"fecha-factura\"><input class=\"wpcf7-form-control wpcf7-date wpcf7-validates-as-required wpcf7-validates-as-date\" aria-required=\"true\" aria-invalid=\"false\" value=\"\" type=\"date\" name=\"fecha-factura\" \/><\/span>\n\t<\/p>\n<\/div>\n<div class=\"campo\">\n\t<p>Tipo de Producto <span class=\"obligatorio\">*<\/span><br \/>\n<span class=\"wpcf7-form-control-wrap\" data-name=\"tipo-producto\"><select class=\"wpcf7-form-control wpcf7-select wpcf7-validates-as-required\" aria-required=\"true\" aria-invalid=\"false\" name=\"tipo-producto\"><option value=\"Qu\u00edmica\">Qu\u00edmica<\/option><option value=\"Textil\">Textil<\/option><option value=\"Juguete\">Juguete<\/option><option value=\"Pl\u00e1stico\">Pl\u00e1stico<\/option><option value=\"Mueble\">Mueble<\/option><option value=\"Agroalimentaci\u00f3n\">Agroalimentaci\u00f3n<\/option><option value=\"Nuevas Tecnolog\u00edas\">Nuevas Tecnolog\u00edas<\/option><option value=\"Farmacia\">Farmacia<\/option><option value=\"Calzado\">Calzado<\/option><option value=\"Otros\">Otros<\/option><\/select><\/span>\n\t<\/p>\n<\/div>\n<div class=\"campo\">\n\t<p>Partida Arancelaria <span class=\"obligatorio\">*<\/span><br \/>\n<span class=\"wpcf7-form-control-wrap\" data-name=\"partida-arancelaria\"><input size=\"40\" maxlength=\"400\" class=\"wpcf7-form-control wpcf7-text wpcf7-validates-as-required\" aria-required=\"true\" aria-invalid=\"false\" value=\"\" type=\"text\" name=\"partida-arancelaria\" \/><\/span>\n\t<\/p>\n<\/div>\n<div class=\"campo\">\n\t<p>Quiero Recibir la Gu\u00eda Gratuita<br \/>\n<span class=\"wpcf7-form-control-wrap\" data-name=\"guia\"><span class=\"wpcf7-form-control wpcf7-radio\"><span class=\"wpcf7-list-item first\"><label><input type=\"radio\" name=\"guia\" value=\"Si\" checked=\"checked\" \/><span class=\"wpcf7-list-item-label\">Si<\/span><\/label><\/span><span class=\"wpcf7-list-item last\"><label><input type=\"radio\" name=\"guia\" value=\"No\" \/><span class=\"wpcf7-list-item-label\">No<\/span><\/label><\/span><\/span><\/span>\n\t<\/p>\n<\/div>\n<div class=\"campo\">\n\t<p>Quiero Acceder a la Plataforma<br \/>\n<span class=\"wpcf7-form-control-wrap\" data-name=\"plataforma\"><span class=\"wpcf7-form-control wpcf7-radio\"><span class=\"wpcf7-list-item first\"><label><input type=\"radio\" name=\"plataforma\" value=\"Si\" checked=\"checked\" \/><span class=\"wpcf7-list-item-label\">Si<\/span><\/label><\/span><span class=\"wpcf7-list-item last\"><label><input type=\"radio\" name=\"plataforma\" value=\"No\" \/><span class=\"wpcf7-list-item-label\">No<\/span><\/label><\/span><\/span><\/span>\n\t<\/p>\n<\/div>\n<p><input class=\"wpcf7-form-control wpcf7-submit has-spinner\" type=\"submit\" value=\"Enviar\" \/>\n<\/p><div class=\"wpcf7-response-output\" aria-hidden=\"true\"><\/div>\n<\/form>\n<\/div>\n<\/div>\n\t\t\t\t\t\t<\/div>\n\t\t\t\t<\/div>\n\t\t\t\t<div class=\"elementor-element elementor-element-2edac53 elementor-widget elementor-widget-text-editor\" data-id=\"2edac53\" data-element_type=\"widget\" data-widget_type=\"text-editor.default\">\n\t\t\t\t<div class=\"elementor-widget-container\">\n\t\t\t\t\t\t\t\t\t<p><span data-contrast=\"auto\">Responsable: NUMA.<\/span><span data-ccp-props=\"{&quot;335559739&quot;:0}\">\u00a0<br \/><\/span><span data-contrast=\"auto\">Finalidad: Registro en plataforma NUMA.<\/span><span data-ccp-props=\"{&quot;335559739&quot;:0}\">\u00a0<br \/><\/span><span data-contrast=\"auto\">Legitimaci\u00f3n: Consentimiento del interesado.<\/span><span data-ccp-props=\"{&quot;335559739&quot;:0}\">\u00a0<br \/><\/span><span data-contrast=\"auto\">Destinatarios: No se ceder\u00e1n datos a terceros, salvo obligaci\u00f3n legal.<\/span><span data-ccp-props=\"{&quot;335559739&quot;:0}\"> <br \/>Derechos: Acceder, rectificar, limitar y suprimir los datos, as\u00ed como presentar una reclamaci\u00f3n ante la autoridad nacional de control, como se explica en la informaci\u00f3n adicional.<\/span><span data-ccp-props=\"{&quot;335559739&quot;:0}\"> <br \/>Informaci\u00f3n Adicional: Puede consultar la informaci\u00f3n adicional y detallada sobre Protecci\u00f3n de Datos en nuestra \u201cPol\u00edtica de Privacidad\u201d.<\/span> <span data-ccp-props=\"{&quot;335559739&quot;:0}\">\u00a0<\/span><\/p>\t\t\t\t\t\t\t\t<\/div>\n\t\t\t\t<\/div>\n\t\t\t\t\t<\/div>\n\t\t\t\t<\/div>\n\t\t<div class=\"elementor-element elementor-element-bec455e e-flex e-con-boxed e-con e-parent\" data-id=\"bec455e\" data-element_type=\"container\" data-settings=\"{&quot;background_background&quot;:&quot;classic&quot;}\">\n\t\t\t\t\t<div class=\"e-con-inner\">\n\t\t<div class=\"elementor-element elementor-element-3360a96 e-con-full e-flex e-con e-child\" data-id=\"3360a96\" data-element_type=\"container\">\n\t\t\t\t<div class=\"elementor-element elementor-element-4550dde elementor-widget elementor-widget-image\" data-id=\"4550dde\" data-element_type=\"widget\" data-widget_type=\"image.default\">\n\t\t\t\t<div class=\"elementor-widget-container\">\n\t\t\t\t\t\t\t\t\t\t\t\t\t\t\t<img decoding=\"async\" width=\"400\" height=\"401\" src=\"https:\/\/ayudasdana.numa-extremadura.es\/wp-content\/uploads\/2025\/01\/numa-extremadura.png\" class=\"attachment-large size-large wp-image-23\" alt=\"\" srcset=\"https:\/\/ayudasdana.numa-extremadura.es\/wp-content\/uploads\/2025\/01\/numa-extremadura.png 400w, https:\/\/ayudasdana.numa-extremadura.es\/wp-content\/uploads\/2025\/01\/numa-extremadura-300x300.png 300w, https:\/\/ayudasdana.numa-extremadura.es\/wp-content\/uploads\/2025\/01\/numa-extremadura-150x150.png 150w\" sizes=\"(max-width: 400px) 100vw, 400px\" \/>\t\t\t\t\t\t\t\t\t\t\t\t\t\t\t<\/div>\n\t\t\t\t<\/div>\n\t\t\t\t<\/div>\n\t\t<div class=\"elementor-element elementor-element-6697689 e-con-full e-flex e-con e-child\" data-id=\"6697689\" data-element_type=\"container\">\n\t\t\t\t<div class=\"elementor-element elementor-element-5a40041 elementor-align-right elementor-icon-list--layout-traditional elementor-list-item-link-full_width elementor-widget elementor-widget-icon-list\" data-id=\"5a40041\" data-element_type=\"widget\" data-widget_type=\"icon-list.default\">\n\t\t\t\t<div class=\"elementor-widget-container\">\n\t\t\t\t\t\t\t<ul class=\"elementor-icon-list-items\">\n\t\t\t\t\t\t\t<li class=\"elementor-icon-list-item\">\n\t\t\t\t\t\t\t\t\t\t\t<span class=\"elementor-icon-list-icon\">\n\t\t\t\t\t\t\t<svg aria-hidden=\"true\" class=\"e-font-icon-svg e-fas-map-marker-alt\" viewBox=\"0 0 384 512\" xmlns=\"http:\/\/www.w3.org\/2000\/svg\"><path d=\"M172.268 501.67C26.97 291.031 0 269.413 0 192 0 85.961 85.961 0 192 0s192 85.961 192 192c0 77.413-26.97 99.031-172.268 309.67-9.535 13.774-29.93 13.773-39.464 0zM192 272c44.183 0 80-35.817 80-80s-35.817-80-80-80-80 35.817-80 80 35.817 80 80 80z\"><\/path><\/svg>\t\t\t\t\t\t<\/span>\n\t\t\t\t\t\t\t\t\t\t<span class=\"elementor-icon-list-text\">M\u00e9rida (Badajoz)<\/span>\n\t\t\t\t\t\t\t\t\t<\/li>\n\t\t\t\t\t\t\t\t<li class=\"elementor-icon-list-item\">\n\t\t\t\t\t\t\t\t\t\t\t<a href=\"mailto:ayuda@numa-extremadura.com\">\n\n\t\t\t\t\t\t\t\t\t\t\t\t<span class=\"elementor-icon-list-icon\">\n\t\t\t\t\t\t\t<svg aria-hidden=\"true\" class=\"e-font-icon-svg e-far-envelope\" viewBox=\"0 0 512 512\" xmlns=\"http:\/\/www.w3.org\/2000\/svg\"><path d=\"M464 64H48C21.49 64 0 85.49 0 112v288c0 26.51 21.49 48 48 48h416c26.51 0 48-21.49 48-48V112c0-26.51-21.49-48-48-48zm0 48v40.805c-22.422 18.259-58.168 46.651-134.587 106.49-16.841 13.247-50.201 45.072-73.413 44.701-23.208.375-56.579-31.459-73.413-44.701C106.18 199.465 70.425 171.067 48 152.805V112h416zM48 400V214.398c22.914 18.251 55.409 43.862 104.938 82.646 21.857 17.205 60.134 55.186 103.062 54.955 42.717.231 80.509-37.199 103.053-54.947 49.528-38.783 82.032-64.401 104.947-82.653V400H48z\"><\/path><\/svg>\t\t\t\t\t\t<\/span>\n\t\t\t\t\t\t\t\t\t\t<span class=\"elementor-icon-list-text\">apoyo@numa-extremadura.com<\/span>\n\t\t\t\t\t\t\t\t\t\t\t<\/a>\n\t\t\t\t\t\t\t\t\t<\/li>\n\t\t\t\t\t\t<\/ul>\n\t\t\t\t\t\t<\/div>\n\t\t\t\t<\/div>\n\t\t\t\t<\/div>\n\t\t\t\t\t<\/div>\n\t\t\t\t<\/div>\n\t\t\t\t<\/div>\n\t\t","protected":false},"excerpt":{"rendered":"<p>\u00bfNECESITAS AYUDA PARA GESTIONAR TR\u00c1MITES ADUANEROS DERIVADOS DE DA\u00d1OS, O P\u00c9RDIDA, DE MERCANC\u00cdAS LIGADOS A LA DANA DE VALENCIA EN OCTUBRE DE 2024? DESDE NUMA EXTREMADURA QUEREMOS AYUDARTE EN EL PROCESO Ofrecemos informaci\u00f3n, de manera altruista, con el \u00fanico objetivo de orientar, a peque\u00f1as y medianas empresas damnificadas, a trav\u00e9s de la GU\u00cdA PARA IMPORTADORES [&hellip;]<\/p>\n","protected":false},"author":1,"featured_media":0,"parent":0,"menu_order":0,"comment_status":"closed","ping_status":"closed","template":"elementor_canvas","meta":{"footnotes":""},"class_list":["post-9","page","type-page","status-publish","hentry"],"_links":{"self":[{"href":"https:\/\/ayudasdana.numa-extremadura.es\/index.php?rest_route=\/wp\/v2\/pages\/9","targetHints":{"allow":["GET"]}}],"collection":[{"href":"https:\/\/ayudasdana.numa-extremadura.es\/index.php?rest_route=\/wp\/v2\/pages"}],"about":[{"href":"https:\/\/ayudasdana.numa-extremadura.es\/index.php?rest_route=\/wp\/v2\/types\/page"}],"author":[{"embeddable":true,"href":"https:\/\/ayudasdana.numa-extremadura.es\/index.php?rest_route=\/wp\/v2\/users\/1"}],"replies":[{"embeddable":true,"href":"https:\/\/ayudasdana.numa-extremadura.es\/index.php?rest_route=%2Fwp%2Fv2%2Fcomments&post=9"}],"version-history":[{"count":16,"href":"https:\/\/ayudasdana.numa-extremadura.es\/index.php?rest_route=\/wp\/v2\/pages\/9\/revisions"}],"predecessor-version":[{"id":47,"href":"https:\/\/ayudasdana.numa-extremadura.es\/index.php?rest_route=\/wp\/v2\/pages\/9\/revisions\/47"}],"wp:attachment":[{"href":"https:\/\/ayudasdana.numa-extremadura.es\/index.php?rest_route=%2Fwp%2Fv2%2Fmedia&parent=9"}],"curies":[{"name":"wp","href":"https:\/\/api.w.org\/{rel}","templated":true}]}}